{"id":3495,"date":"2026-01-26T00:38:13","date_gmt":"2026-01-25T22:38:13","guid":{"rendered":"https:\/\/vaniso.ch\/?page_id=3495"},"modified":"2026-01-26T00:38:16","modified_gmt":"2026-01-25T22:38:16","slug":"impressum","status":"publish","type":"page","link":"https:\/\/vaniso.ch\/en\/impressum\/","title":{"rendered":"Impressum"},"content":{"rendered":"<p data-spectra-id=\"spectra-mkubk8uo-di9x7o\"\t\tclass=\"wp-block-spectra-content\">\n\t\tImpressum<br>Vaniso<br>L\u00e4ngackerstrasse 10<br>2545 Selzach<br>Schweiz<br>Vertretungsberechtigte Personen<br>Kevin Kocher<br>Tobias Vogt<br>Contact<br>E-Mail: <a href=\"mailto:team@vaniso.ch\">team@vaniso.ch<\/a><br>Web: <a href=\"\/en\/vaniso.ch\/\">vaniso.ch<\/a><br>Haftungsausschluss<br><strong>Inhalte<\/strong><br>Trotz sorgf\u00e4ltiger inhaltlicher Kontrolle \u00fcbernehmen wir keine Gew\u00e4hr f\u00fcr die Aktualit\u00e4t, Vollst\u00e4ndigkeit und Richtigkeit der bereitgestellten Informationen. Jegliche Haftungsanspr\u00fcche gegen uns, die sich auf Sch\u00e4den materieller oder ideeller Art beziehen \u2013 verursacht durch die Nutzung oder Nichtnutzung der dargebotenen Inhalte bzw. durch Nutzung fehlerhafter und unvollst\u00e4ndiger Informationen \u2013 sind grunds\u00e4tzlich ausgeschlossen.<br><strong>Externe Links<\/strong><br>Unsere Webseite enth\u00e4lt Links zu externen Websites Dritter, auf deren Inhalte wir keinen Einfluss haben. Deshalb \u00fcbernehmen wir f\u00fcr diese fremden Inhalte auch keine Gew\u00e4hr. F\u00fcr die Inhalte der verlinkten Seiten ist stets der jeweilige Anbieter oder Betreiber der Seiten verantwortlich.<br><strong>Urheberrecht<\/strong><br>Die durch die Seitenbetreiber erstellten Inhalte und Werke auf dieser Website unterliegen dem schweizerischen Urheberrecht. Beitr\u00e4ge Dritter sind als solche gekennzeichnet. Die Vervielf\u00e4ltigung, Bearbeitung, Verbreitung und jede Art der Verwertung au\u00dferhalb der Grenzen des Urheberrechts bed\u00fcrfen unserer schriftlichen Zustimmung.<br><strong>\u00c4nderungen und Irrt\u00fcmer<\/strong><br>Wir behalten uns ausdr\u00fccklich vor, Teile der Seiten oder das gesamte Angebot jederzeit zu \u00e4ndern, zu erg\u00e4nzen, zu l\u00f6schen oder die Ver\u00f6ffentlichung zeitweise oder endg\u00fcltig einzustellen. Sollten einzelne Formulierungen oder Darstellungen dieses Haftungsausschlusses unwirksam sein, bleiben die \u00fcbrigen Bestimmungen davon unber\u00fchrt.<br><strong>Impressum erstellt durch:<\/strong> <a href=\"https:\/\/www.zertifizierte-shops.ch\/impressum-generator.html\">Zertifizierte Schweizer Online Shops<\/a>\t<\/p>\n\n\n\n<p><\/p>","protected":false},"excerpt":{"rendered":"","protected":false},"author":1,"featured_media":0,"parent":0,"menu_order":0,"comment_status":"closed","ping_status":"closed","template":"","meta":{"_uag_custom_page_level_css":"","site-sidebar-layout":"default","site-content-layout":"","ast-site-content-layout":"default","site-content-style":"default","site-sidebar-style":"default","ast-global-header-display":"","ast-banner-title-visibility":"","ast-main-header-display":"","ast-hfb-above-header-display":"","ast-hfb-below-header-display":"","ast-hfb-mobile-header-display":"","site-post-title":"","ast-breadcrumbs-content":"","ast-featured-img":"","footer-sml-layout":"","ast-disable-related-posts":"","theme-transparent-header-meta":"","adv-header-id-meta":"","stick-header-meta":"","header-above-stick-meta":"","header-main-stick-meta":"","header-below-stick-meta":"","astra-migrate-meta-layouts":"set","ast-page-background-enabled":"default","ast-page-background-meta":{"desktop":{"background-color":"","background-image":"","background-repeat":"repeat","background-position":"center center","background-size":"auto","background-attachment":"scroll","background-type":"","background-media":"","overlay-type":"","overlay-color":"","overlay-opacity":"","overlay-gradient":""},"tablet":{"background-color":"","background-image":"","background-repeat":"repeat","background-position":"center center","background-size":"auto","background-attachment":"scroll","background-type":"","background-media":"","overlay-type":"","overlay-color":"","overlay-opacity":"","overlay-gradient":""},"mobile":{"background-color":"","background-image":"","background-repeat":"repeat","background-position":"center center","background-size":"auto","background-attachment":"scroll","background-type":"","background-media":"","overlay-type":"","overlay-color":"","overlay-opacity":"","overlay-gradient":""}},"ast-content-background-meta":{"desktop":{"background-color":"var(--ast-global-color-5)","background-image":"","background-repeat":"repeat","background-position":"center center","background-size":"auto","background-attachment":"scroll","background-type":"","background-media":"","overlay-type":"","overlay-color":"","overlay-opacity":"","overlay-gradient":""},"tablet":{"background-color":"var(--ast-global-color-5)","background-image":"","background-repeat":"repeat","background-position":"center center","background-size":"auto","background-attachment":"scroll","background-type":"","background-media":"","overlay-type":"","overlay-color":"","overlay-opacity":"","overlay-gradient":""},"mobile":{"background-color":"var(--ast-global-color-5)","background-image":"","background-repeat":"repeat","background-position":"center center","background-size":"auto","background-attachment":"scroll","background-type":"","background-media":"","overlay-type":"","overlay-color":"","overlay-opacity":"","overlay-gradient":""}},"footnotes":""},"class_list":["post-3495","page","type-page","status-publish","hentry"],"yoast_head":"<!-- This site is optimized with the Yoast SEO plugin v27.4 - https:\/\/yoast.com\/product\/yoast-seo-wordpress\/ -->\n<title>Impressum - VANISO<\/title>\n<meta name=\"robots\" content=\"index, follow, max-snippet:-1, max-image-preview:large, max-video-preview:-1\" \/>\n<link rel=\"canonical\" href=\"https:\/\/vaniso.ch\/en\/impressum\/\" \/>\n<meta property=\"og:locale\" content=\"en_US\" \/>\n<meta property=\"og:type\" content=\"article\" \/>\n<meta property=\"og:title\" content=\"Impressum - VANISO\" \/>\n<meta property=\"og:url\" content=\"https:\/\/vaniso.ch\/en\/impressum\/\" \/>\n<meta property=\"og:site_name\" content=\"VANISO\" \/>\n<meta property=\"article:modified_time\" content=\"2026-01-25T22:38:16+00:00\" \/>\n<meta name=\"twitter:card\" content=\"summary_large_image\" \/>\n<script type=\"application\/ld+json\" class=\"yoast-schema-graph\">{\"@context\":\"https:\\\/\\\/schema.org\",\"@graph\":[{\"@type\":\"WebPage\",\"@id\":\"https:\\\/\\\/vaniso.ch\\\/impressum\\\/\",\"url\":\"https:\\\/\\\/vaniso.ch\\\/impressum\\\/\",\"name\":\"Impressum - VANISO\",\"isPartOf\":{\"@id\":\"https:\\\/\\\/vaniso.ch\\\/#website\"},\"datePublished\":\"2026-01-25T22:38:13+00:00\",\"dateModified\":\"2026-01-25T22:38:16+00:00\",\"breadcrumb\":{\"@id\":\"https:\\\/\\\/vaniso.ch\\\/impressum\\\/#breadcrumb\"},\"inLanguage\":\"en-US\",\"potentialAction\":[{\"@type\":\"ReadAction\",\"target\":[\"https:\\\/\\\/vaniso.ch\\\/impressum\\\/\"]}]},{\"@type\":\"BreadcrumbList\",\"@id\":\"https:\\\/\\\/vaniso.ch\\\/impressum\\\/#breadcrumb\",\"itemListElement\":[{\"@type\":\"ListItem\",\"position\":1,\"name\":\"Startseite\",\"item\":\"https:\\\/\\\/vaniso.ch\\\/\"},{\"@type\":\"ListItem\",\"position\":2,\"name\":\"Impressum\"}]},{\"@type\":\"WebSite\",\"@id\":\"https:\\\/\\\/vaniso.ch\\\/#website\",\"url\":\"https:\\\/\\\/vaniso.ch\\\/\",\"name\":\"VANISO\",\"description\":\"Mehr als nur ein Design\",\"potentialAction\":[{\"@type\":\"SearchAction\",\"target\":{\"@type\":\"EntryPoint\",\"urlTemplate\":\"https:\\\/\\\/vaniso.ch\\\/?s={search_term_string}\"},\"query-input\":{\"@type\":\"PropertyValueSpecification\",\"valueRequired\":true,\"valueName\":\"search_term_string\"}}],\"inLanguage\":\"en-US\"}]}<\/script>\n<!-- \/ Yoast SEO plugin. -->","yoast_head_json":{"title":"Impressum - VANISO","robots":{"index":"index","follow":"follow","max-snippet":"max-snippet:-1","max-image-preview":"max-image-preview:large","max-video-preview":"max-video-preview:-1"},"canonical":"https:\/\/vaniso.ch\/en\/impressum\/","og_locale":"en_US","og_type":"article","og_title":"Impressum - VANISO","og_url":"https:\/\/vaniso.ch\/en\/impressum\/","og_site_name":"VANISO","article_modified_time":"2026-01-25T22:38:16+00:00","twitter_card":"summary_large_image","schema":{"@context":"https:\/\/schema.org","@graph":[{"@type":"WebPage","@id":"https:\/\/vaniso.ch\/impressum\/","url":"https:\/\/vaniso.ch\/impressum\/","name":"Impressum - VANISO","isPartOf":{"@id":"https:\/\/vaniso.ch\/#website"},"datePublished":"2026-01-25T22:38:13+00:00","dateModified":"2026-01-25T22:38:16+00:00","breadcrumb":{"@id":"https:\/\/vaniso.ch\/impressum\/#breadcrumb"},"inLanguage":"en-US","potentialAction":[{"@type":"ReadAction","target":["https:\/\/vaniso.ch\/impressum\/"]}]},{"@type":"BreadcrumbList","@id":"https:\/\/vaniso.ch\/impressum\/#breadcrumb","itemListElement":[{"@type":"ListItem","position":1,"name":"Startseite","item":"https:\/\/vaniso.ch\/"},{"@type":"ListItem","position":2,"name":"Impressum"}]},{"@type":"WebSite","@id":"https:\/\/vaniso.ch\/#website","url":"https:\/\/vaniso.ch\/","name":"VANISO","description":"Mehr als nur ein Design","potentialAction":[{"@type":"SearchAction","target":{"@type":"EntryPoint","urlTemplate":"https:\/\/vaniso.ch\/?s={search_term_string}"},"query-input":{"@type":"PropertyValueSpecification","valueRequired":true,"valueName":"search_term_string"}}],"inLanguage":"en-US"}]}},"uagb_featured_image_src":{"full":false,"thumbnail":false,"medium":false,"medium_large":false,"large":false,"1536x1536":false,"2048x2048":false,"trp-custom-language-flag":false},"uagb_author_info":{"display_name":"admin","author_link":"https:\/\/vaniso.ch\/en\/author\/team-vaniso\/"},"uagb_comment_info":0,"uagb_excerpt":null,"jetpack_sharing_enabled":true,"_links":{"self":[{"href":"https:\/\/vaniso.ch\/en\/wp-json\/wp\/v2\/pages\/3495","targetHints":{"allow":["GET"]}}],"collection":[{"href":"https:\/\/vaniso.ch\/en\/wp-json\/wp\/v2\/pages"}],"about":[{"href":"https:\/\/vaniso.ch\/en\/wp-json\/wp\/v2\/types\/page"}],"author":[{"embeddable":true,"href":"https:\/\/vaniso.ch\/en\/wp-json\/wp\/v2\/users\/1"}],"replies":[{"embeddable":true,"href":"https:\/\/vaniso.ch\/en\/wp-json\/wp\/v2\/comments?post=3495"}],"version-history":[{"count":1,"href":"https:\/\/vaniso.ch\/en\/wp-json\/wp\/v2\/pages\/3495\/revisions"}],"predecessor-version":[{"id":3497,"href":"https:\/\/vaniso.ch\/en\/wp-json\/wp\/v2\/pages\/3495\/revisions\/3497"}],"wp:attachment":[{"href":"https:\/\/vaniso.ch\/en\/wp-json\/wp\/v2\/media?parent=3495"}],"curies":[{"name":"wp","href":"https:\/\/api.w.org\/{rel}","templated":true}]}}